{"id":2927,"date":"2024-12-12T14:57:12","date_gmt":"2024-12-12T14:57:12","guid":{"rendered":"https:\/\/rauzette.md\/?post_type=product&#038;p=2927"},"modified":"2024-12-18T14:59:10","modified_gmt":"2024-12-18T14:59:10","slug":"servetele-din-celuloza-30cm30cm","status":"publish","type":"product","link":"https:\/\/rauzette.md\/index.php\/product\/servetele-din-celuloza-30cm30cm\/","title":{"rendered":"Servetele din celuloza 30cm*30cm"},"content":{"rendered":"<p>\u0218erve\u021belele din celuloz\u0103 30cm x 30cm sunt ideale pentru o gam\u0103 variat\u0103 de utiliz\u0103ri, de la servirea mesei p\u00e2n\u0103 la activit\u0103\u021bi de cur\u0103\u021benie. Cu o dimensiune generoas\u0103, acestea ofer\u0103 o acoperire excelent\u0103 \u0219i o absorb\u021bie eficient\u0103. Fabricate din celuloz\u0103 de calitate superioar\u0103, \u0219erve\u021belele sunt rezistente, dar \u0219i pl\u0103cute la atingere. Disponibile \u00een diverse culori \u0219i modele, sunt perfecte pentru a ad\u0103uga un plus de stil \u0219i func\u021bionalitate meselor sau evenimentelor tale.<\/p>\n","protected":false},"excerpt":{"rendered":"<div class=\"flex max-w-full flex-col flex-grow\">\n<div class=\"min-h-8 text-message flex w-full flex-col items-end gap-2 whitespace-normal break-words text-start [.text-message+&amp;]:mt-5\" dir=\"auto\" data-message-author-role=\"assistant\" data-message-id=\"ec83e7af-7bed-4cd4-bb79-2342b370a791\" data-message-model-slug=\"gpt-4o\">\n<div class=\"flex w-full flex-col gap-1 empty:hidden first:pt-[3px]\">\n<div class=\"markdown prose w-full break-words dark:prose-invert dark\">\n<p>Servetele din celuloza 30cm*30cm<\/p>\n<p>Format, cantitate si culoare:<\/p>\n<ul>\n<li>33 format (100buc) alb<\/li>\n<\/ul>\n<\/div>\n<\/div>\n<\/div>\n<\/div>\n","protected":false},"featured_media":2928,"comment_status":"open","ping_status":"closed","template":"","meta":[],"product_cat":[50,84,15],"product_tag":[85],"class_list":{"0":"post-2927","1":"product","2":"type-product","3":"status-publish","4":"has-post-thumbnail","6":"product_cat-servetele","7":"product_cat-servetele-30cm30cm","8":"product_cat-misc","9":"product_tag-servetele-din-celuloza-30cm30cm","10":"stm_brands-rauzette1","12":"first","13":"instock","14":"taxable","15":"shipping-taxable","16":"product-type-simple"},"_links":{"self":[{"href":"https:\/\/rauzette.md\/index.php\/wp-json\/wp\/v2\/product\/2927","targetHints":{"allow":["GET"]}}],"collection":[{"href":"https:\/\/rauzette.md\/index.php\/wp-json\/wp\/v2\/product"}],"about":[{"href":"https:\/\/rauzette.md\/index.php\/wp-json\/wp\/v2\/types\/product"}],"replies":[{"embeddable":true,"href":"https:\/\/rauzette.md\/index.php\/wp-json\/wp\/v2\/comments?post=2927"}],"wp:featuredmedia":[{"embeddable":true,"href":"https:\/\/rauzette.md\/index.php\/wp-json\/wp\/v2\/media\/2928"}],"wp:attachment":[{"href":"https:\/\/rauzette.md\/index.php\/wp-json\/wp\/v2\/media?parent=2927"}],"wp:term":[{"taxonomy":"product_cat","embeddable":true,"href":"https:\/\/rauzette.md\/index.php\/wp-json\/wp\/v2\/product_cat?post=2927"},{"taxonomy":"product_tag","embeddable":true,"href":"https:\/\/rauzette.md\/index.php\/wp-json\/wp\/v2\/product_tag?post=2927"}],"curies":[{"name":"wp","href":"https:\/\/api.w.org\/{rel}","templated":true}]}}