{"id":2921,"date":"2024-12-12T14:43:17","date_gmt":"2024-12-12T14:43:17","guid":{"rendered":"https:\/\/rauzette.md\/?post_type=product&#038;p=2921"},"modified":"2024-12-18T14:57:02","modified_gmt":"2024-12-18T14:57:02","slug":"servetele-din-celuloza-1-8","status":"publish","type":"product","link":"https:\/\/rauzette.md\/index.php\/product\/servetele-din-celuloza-1-8\/","title":{"rendered":"Servetele din celuloza 1\/8"},"content":{"rendered":"<p>Servetelele din celuloz\u0103 1\/8 sunt practice \u0219i versatile, ideale pentru utilizare zilnic\u0103 acas\u0103, la birou sau \u00een cadrul evenimentelor. Fabricate din celuloz\u0103 de calitate, acestea ofer\u0103 o absorb\u021bie eficient\u0103 \u0219i o textur\u0103 pl\u0103cut\u0103 la atingere. Dimensiunea lor compact\u0103, pliat\u0103 \u00een 8 p\u0103r\u021bi, le face u\u0219or de depozitat \u0219i distribuit. Disponibile \u00een diferite culori \u0219i modele, sunt perfecte pentru a completa aranjamentele de mas\u0103 sau pentru a r\u0103spunde rapid nevoilor de cur\u0103\u021bare.<\/p>\n","protected":false},"excerpt":{"rendered":"<p>Servetele din celuloza 1\/8<\/p>\n<p><strong>Format, cantitate si culoare:<\/strong><\/p>\n<ul>\n<li>33 format (100buc) <strong>alb\/negru\/rosu\/galben\/orange<\/strong><\/li>\n<\/ul>\n","protected":false},"featured_media":2922,"comment_status":"open","ping_status":"closed","template":"","meta":[],"product_cat":[50,81,15],"product_tag":[82],"class_list":{"0":"post-2921","1":"product","2":"type-product","3":"status-publish","4":"has-post-thumbnail","6":"product_cat-servetele","7":"product_cat-servetele-1-8","8":"product_cat-misc","9":"product_tag-servetele-din-celuloza-1-8","10":"stm_brands-rauzette1","12":"first","13":"instock","14":"taxable","15":"shipping-taxable","16":"product-type-simple"},"_links":{"self":[{"href":"https:\/\/rauzette.md\/index.php\/wp-json\/wp\/v2\/product\/2921","targetHints":{"allow":["GET"]}}],"collection":[{"href":"https:\/\/rauzette.md\/index.php\/wp-json\/wp\/v2\/product"}],"about":[{"href":"https:\/\/rauzette.md\/index.php\/wp-json\/wp\/v2\/types\/product"}],"replies":[{"embeddable":true,"href":"https:\/\/rauzette.md\/index.php\/wp-json\/wp\/v2\/comments?post=2921"}],"wp:featuredmedia":[{"embeddable":true,"href":"https:\/\/rauzette.md\/index.php\/wp-json\/wp\/v2\/media\/2922"}],"wp:attachment":[{"href":"https:\/\/rauzette.md\/index.php\/wp-json\/wp\/v2\/media?parent=2921"}],"wp:term":[{"taxonomy":"product_cat","embeddable":true,"href":"https:\/\/rauzette.md\/index.php\/wp-json\/wp\/v2\/product_cat?post=2921"},{"taxonomy":"product_tag","embeddable":true,"href":"https:\/\/rauzette.md\/index.php\/wp-json\/wp\/v2\/product_tag?post=2921"}],"curies":[{"name":"wp","href":"https:\/\/api.w.org\/{rel}","templated":true}]}}