{"id":2854,"date":"2024-12-01T21:45:39","date_gmt":"2024-12-01T21:45:39","guid":{"rendered":"https:\/\/rauzette.md\/?post_type=product&#038;p=2854"},"modified":"2024-12-01T21:45:55","modified_gmt":"2024-12-01T21:45:55","slug":"servetele-de-buzunar","status":"publish","type":"product","link":"https:\/\/rauzette.md\/index.php\/product\/servetele-de-buzunar\/","title":{"rendered":"\u015eerve\u0163ele de buzunar"},"content":{"rendered":"<p><strong>\u0218erve\u021bele de buzunar &#8211; confort \u0219i igien\u0103 la \u00eendem\u00e2n\u0103<\/strong><br \/>\n\u0218erve\u021belele de buzunar sunt ideale pentru a-\u021bi asigura igiena \u00een orice moment al zilei. Compacte \u0219i u\u0219or de transportat, aceste \u0219erve\u021bele sunt perfecte pentru uz zilnic, oferind o solu\u021bie rapid\u0103 \u0219i eficient\u0103 pentru cur\u0103\u021benie, oriunde te-ai afla.<\/p>\n","protected":false},"excerpt":{"rendered":"<p><strong>\u0218erve\u021bele de buzunar &#8211; confort \u0219i igien\u0103 la \u00eendem\u00e2n\u0103<\/strong><br \/>\n\u0218erve\u021belele de buzunar sunt ideale pentru a-\u021bi asigura igiena \u00een orice moment al zilei. Compacte \u0219i u\u0219or de transportat, aceste \u0219erve\u021bele sunt perfecte pentru uz zilnic, oferind o solu\u021bie rapid\u0103 \u0219i eficient\u0103 pentru cur\u0103\u021benie, oriunde te-ai afla.<\/p>\n","protected":false},"featured_media":2858,"comment_status":"open","ping_status":"closed","template":"","meta":[],"product_cat":[53,15],"product_tag":[80],"class_list":{"0":"post-2854","1":"product","2":"type-product","3":"status-publish","4":"has-post-thumbnail","6":"product_cat-servetele-de-buzunar","7":"product_cat-misc","8":"product_tag-servetele-de-buzunar","9":"stm_brands-rauzette1","11":"first","12":"instock","13":"taxable","14":"shipping-taxable","15":"product-type-simple"},"_links":{"self":[{"href":"https:\/\/rauzette.md\/index.php\/wp-json\/wp\/v2\/product\/2854","targetHints":{"allow":["GET"]}}],"collection":[{"href":"https:\/\/rauzette.md\/index.php\/wp-json\/wp\/v2\/product"}],"about":[{"href":"https:\/\/rauzette.md\/index.php\/wp-json\/wp\/v2\/types\/product"}],"replies":[{"embeddable":true,"href":"https:\/\/rauzette.md\/index.php\/wp-json\/wp\/v2\/comments?post=2854"}],"wp:featuredmedia":[{"embeddable":true,"href":"https:\/\/rauzette.md\/index.php\/wp-json\/wp\/v2\/media\/2858"}],"wp:attachment":[{"href":"https:\/\/rauzette.md\/index.php\/wp-json\/wp\/v2\/media?parent=2854"}],"wp:term":[{"taxonomy":"product_cat","embeddable":true,"href":"https:\/\/rauzette.md\/index.php\/wp-json\/wp\/v2\/product_cat?post=2854"},{"taxonomy":"product_tag","embeddable":true,"href":"https:\/\/rauzette.md\/index.php\/wp-json\/wp\/v2\/product_tag?post=2854"}],"curies":[{"name":"wp","href":"https:\/\/api.w.org\/{rel}","templated":true}]}}