{"id":2838,"date":"2024-12-01T21:31:48","date_gmt":"2024-12-01T21:31:48","guid":{"rendered":"https:\/\/rauzette.md\/?post_type=product&#038;p=2838"},"modified":"2024-12-01T21:46:28","modified_gmt":"2024-12-01T21:46:28","slug":"servetele-100buc","status":"publish","type":"product","link":"https:\/\/rauzette.md\/index.php\/product\/servetele-100buc\/","title":{"rendered":"Servetele 100Buc."},"content":{"rendered":"<p><strong>\u0218erve\u021bele 100 Buc. &#8211; confort \u0219i igien\u0103 \u00eentr-un pachet economic<\/strong><br \/>\nDescoper\u0103 \u0219erve\u021belele de 100 buc\u0103\u021bi, perfecte pentru uz zilnic. Moale \u0219i rezistente, aceste \u0219erve\u021bele sunt ideale pentru a asigura igien\u0103 \u0219i confort \u00een orice moment, fiind u\u0219or de depozitat \u0219i la \u00eendem\u00e2n\u0103 oriunde.<\/p>\n","protected":false},"excerpt":{"rendered":"<p><strong>\u0218erve\u021bele 100 Buc. &#8211; confort \u0219i igien\u0103 \u00eentr-un pachet economic<\/strong><br \/>\nDescoper\u0103 \u0219erve\u021belele de 100 buc\u0103\u021bi, perfecte pentru uz zilnic. Moale \u0219i rezistente, aceste \u0219erve\u021bele sunt ideale pentru a asigura igien\u0103 \u0219i confort \u00een orice moment, fiind u\u0219or de depozitat \u0219i la \u00eendem\u00e2n\u0103 oriunde.<\/p>\n","protected":false},"featured_media":2842,"comment_status":"open","ping_status":"closed","template":"","meta":[],"product_cat":[50,15],"product_tag":[74,68,66],"class_list":{"0":"post-2838","1":"product","2":"type-product","3":"status-publish","4":"has-post-thumbnail","6":"product_cat-servetele","7":"product_cat-misc","8":"product_tag-100buc","9":"product_tag-servetele","10":"product_tag-servetele-bar","11":"stm_brands-rauzette1","13":"first","14":"instock","15":"taxable","16":"shipping-taxable","17":"product-type-simple"},"_links":{"self":[{"href":"https:\/\/rauzette.md\/index.php\/wp-json\/wp\/v2\/product\/2838","targetHints":{"allow":["GET"]}}],"collection":[{"href":"https:\/\/rauzette.md\/index.php\/wp-json\/wp\/v2\/product"}],"about":[{"href":"https:\/\/rauzette.md\/index.php\/wp-json\/wp\/v2\/types\/product"}],"replies":[{"embeddable":true,"href":"https:\/\/rauzette.md\/index.php\/wp-json\/wp\/v2\/comments?post=2838"}],"wp:featuredmedia":[{"embeddable":true,"href":"https:\/\/rauzette.md\/index.php\/wp-json\/wp\/v2\/media\/2842"}],"wp:attachment":[{"href":"https:\/\/rauzette.md\/index.php\/wp-json\/wp\/v2\/media?parent=2838"}],"wp:term":[{"taxonomy":"product_cat","embeddable":true,"href":"https:\/\/rauzette.md\/index.php\/wp-json\/wp\/v2\/product_cat?post=2838"},{"taxonomy":"product_tag","embeddable":true,"href":"https:\/\/rauzette.md\/index.php\/wp-json\/wp\/v2\/product_tag?post=2838"}],"curies":[{"name":"wp","href":"https:\/\/api.w.org\/{rel}","templated":true}]}}