{"id":2818,"date":"2024-12-01T21:16:13","date_gmt":"2024-12-01T21:16:13","guid":{"rendered":"https:\/\/rauzette.md\/?post_type=product&#038;p=2818"},"modified":"2024-12-18T14:55:59","modified_gmt":"2024-12-18T14:55:59","slug":"servetele-bar","status":"publish","type":"product","link":"https:\/\/rauzette.md\/index.php\/product\/servetele-bar\/","title":{"rendered":"Servetele din celuloza Bar"},"content":{"rendered":"<p><strong>\u0218erve\u021bele Bar &#8211; igien\u0103 \u0219i confort pentru orice bar<\/strong><br \/>\nDescoper\u0103 \u0219erve\u021belele Bar, special concepute pentru a oferi igien\u0103 \u0219i confort \u00een loca\u021biile de servire. Rezistente \u0219i moi, sunt ideale pentru utilizarea \u00een baruri, restaurante sau cafenele, asigur\u00e2nd o experien\u021b\u0103 pl\u0103cut\u0103 \u0219i profesional\u0103 pentru clien\u021bi.<\/p>\n","protected":false},"excerpt":{"rendered":"<p>Servetele din celuloza Bar<\/p>\n<p><strong>Format, cantitate si culoare:<\/strong><\/p>\n<ul>\n<li>21 format (2000buc) <strong>alb<\/strong><\/li>\n<li>24 format (2000 alb\/1500 alb,negru\/100buc) <strong>alb\/negru<\/strong><\/li>\n<li>23 format (100buc) <strong>negru<\/strong><\/li>\n<\/ul>\n","protected":false},"featured_media":2822,"comment_status":"open","ping_status":"closed","template":"","meta":[],"product_cat":[50,15],"product_tag":[66],"class_list":{"0":"post-2818","1":"product","2":"type-product","3":"status-publish","4":"has-post-thumbnail","6":"product_cat-servetele","7":"product_cat-misc","8":"product_tag-servetele-bar","9":"stm_brands-rauzette1","11":"first","12":"instock","13":"taxable","14":"shipping-taxable","15":"product-type-simple"},"_links":{"self":[{"href":"https:\/\/rauzette.md\/index.php\/wp-json\/wp\/v2\/product\/2818","targetHints":{"allow":["GET"]}}],"collection":[{"href":"https:\/\/rauzette.md\/index.php\/wp-json\/wp\/v2\/product"}],"about":[{"href":"https:\/\/rauzette.md\/index.php\/wp-json\/wp\/v2\/types\/product"}],"replies":[{"embeddable":true,"href":"https:\/\/rauzette.md\/index.php\/wp-json\/wp\/v2\/comments?post=2818"}],"wp:featuredmedia":[{"embeddable":true,"href":"https:\/\/rauzette.md\/index.php\/wp-json\/wp\/v2\/media\/2822"}],"wp:attachment":[{"href":"https:\/\/rauzette.md\/index.php\/wp-json\/wp\/v2\/media?parent=2818"}],"wp:term":[{"taxonomy":"product_cat","embeddable":true,"href":"https:\/\/rauzette.md\/index.php\/wp-json\/wp\/v2\/product_cat?post=2818"},{"taxonomy":"product_tag","embeddable":true,"href":"https:\/\/rauzette.md\/index.php\/wp-json\/wp\/v2\/product_tag?post=2818"}],"curies":[{"name":"wp","href":"https:\/\/api.w.org\/{rel}","templated":true}]}}