{"id":2809,"date":"2024-12-01T21:07:49","date_gmt":"2024-12-01T21:07:49","guid":{"rendered":"https:\/\/rauzette.md\/?post_type=product&#038;p=2809"},"modified":"2024-12-18T15:04:40","modified_gmt":"2024-12-18T15:04:40","slug":"prosop-de-hartie-v","status":"publish","type":"product","link":"https:\/\/rauzette.md\/index.php\/product\/prosop-de-hartie-v\/","title":{"rendered":"Prosop VV"},"content":{"rendered":"<p>Prosop VV<\/p>\n<p>Marime, cantitate si material:<\/p>\n<p>22*22cm (150 buc) &#8211;<br \/>\n22*11cm (150 buc) &#8211;\u00a0 \u00a0 \u00a0 \u00a0 \u00a0<strong>Pt Dispensere<\/strong><\/p>\n","protected":false},"excerpt":{"rendered":"<p><strong>Prosop de h\u00e2rtie V &#8211; absorb\u021bie rapid\u0103 \u0219i eficien\u021b\u0103 sporit\u0103<\/strong><br \/>\nAlege prosoape de h\u00e2rtie V, ideale pentru utilizare \u00een buc\u0103t\u0103rii sau b\u0103i, oferind absorb\u021bie maxim\u0103 \u0219i uscare rapid\u0103. Designul V permite o utilizare practic\u0103 \u0219i economic\u0103, fiind perfect pentru uz casnic sau comercial.<\/p>\n","protected":false},"featured_media":2810,"comment_status":"open","ping_status":"closed","template":"","meta":[],"product_cat":[49,15],"product_tag":[55,61,62],"class_list":{"0":"post-2809","1":"product","2":"type-product","3":"status-publish","4":"has-post-thumbnail","6":"product_cat-prosop-hartie","7":"product_cat-misc","8":"product_tag-hartie","9":"product_tag-prosop-de-hartie-v","10":"product_tag-prosop-v","11":"stm_brands-rauzette1","13":"first","14":"instock","15":"taxable","16":"shipping-taxable","17":"product-type-simple"},"_links":{"self":[{"href":"https:\/\/rauzette.md\/index.php\/wp-json\/wp\/v2\/product\/2809","targetHints":{"allow":["GET"]}}],"collection":[{"href":"https:\/\/rauzette.md\/index.php\/wp-json\/wp\/v2\/product"}],"about":[{"href":"https:\/\/rauzette.md\/index.php\/wp-json\/wp\/v2\/types\/product"}],"replies":[{"embeddable":true,"href":"https:\/\/rauzette.md\/index.php\/wp-json\/wp\/v2\/comments?post=2809"}],"wp:featuredmedia":[{"embeddable":true,"href":"https:\/\/rauzette.md\/index.php\/wp-json\/wp\/v2\/media\/2810"}],"wp:attachment":[{"href":"https:\/\/rauzette.md\/index.php\/wp-json\/wp\/v2\/media?parent=2809"}],"wp:term":[{"taxonomy":"product_cat","embeddable":true,"href":"https:\/\/rauzette.md\/index.php\/wp-json\/wp\/v2\/product_cat?post=2809"},{"taxonomy":"product_tag","embeddable":true,"href":"https:\/\/rauzette.md\/index.php\/wp-json\/wp\/v2\/product_tag?post=2809"}],"curies":[{"name":"wp","href":"https:\/\/api.w.org\/{rel}","templated":true}]}}