{"id":2801,"date":"2024-12-01T20:57:41","date_gmt":"2024-12-01T20:57:41","guid":{"rendered":"https:\/\/rauzette.md\/?post_type=product&#038;p=2801"},"modified":"2024-12-01T21:12:15","modified_gmt":"2024-12-01T21:12:15","slug":"hartie-igienica-bio","status":"publish","type":"product","link":"https:\/\/rauzette.md\/index.php\/product\/hartie-igienica-bio\/","title":{"rendered":"H\u00e2rtie igienic\u0103 Bio"},"content":{"rendered":"<p><strong>H\u00e2rtie igienic\u0103 Bio &#8211; sustenabilitate \u0219i confort natural<\/strong><br \/>\nDescoper\u0103 h\u00e2rtia igienic\u0103 Bio, fabricat\u0103 din materiale ecologice \u0219i biodegradabile. Moale, rezistent\u0103 \u0219i prietenoas\u0103 cu mediul, este alegerea perfect\u0103 pentru un stil de via\u021b\u0103 responsabil.<\/p>\n","protected":false},"excerpt":{"rendered":"<p>H\u00e2rtie igienic\u0103 Bio &#8211; sustenabilitate \u0219i confort natural Descoper\u0103 h\u00e2rtia igienic\u0103 Bio, fabricat\u0103 din materiale ecologice \u0219i biodegradabile&#8230;.<\/p>\n","protected":false},"featured_media":2802,"comment_status":"open","ping_status":"closed","template":"","meta":[],"product_cat":[48,15],"product_tag":[60,55,59,56,58,57],"class_list":{"0":"post-2801","1":"product","2":"type-product","3":"status-publish","4":"has-post-thumbnail","6":"product_cat-hartie-igienica","7":"product_cat-misc","8":"product_tag-bio","9":"product_tag-hartie","10":"product_tag-hartie-igienica","11":"product_tag-hartie-wc","12":"product_tag-toalet","13":"product_tag-wc","14":"stm_brands-rauzette1","16":"first","17":"instock","18":"taxable","19":"shipping-taxable","20":"product-type-simple"},"_links":{"self":[{"href":"https:\/\/rauzette.md\/index.php\/wp-json\/wp\/v2\/product\/2801","targetHints":{"allow":["GET"]}}],"collection":[{"href":"https:\/\/rauzette.md\/index.php\/wp-json\/wp\/v2\/product"}],"about":[{"href":"https:\/\/rauzette.md\/index.php\/wp-json\/wp\/v2\/types\/product"}],"replies":[{"embeddable":true,"href":"https:\/\/rauzette.md\/index.php\/wp-json\/wp\/v2\/comments?post=2801"}],"wp:featuredmedia":[{"embeddable":true,"href":"https:\/\/rauzette.md\/index.php\/wp-json\/wp\/v2\/media\/2802"}],"wp:attachment":[{"href":"https:\/\/rauzette.md\/index.php\/wp-json\/wp\/v2\/media?parent=2801"}],"wp:term":[{"taxonomy":"product_cat","embeddable":true,"href":"https:\/\/rauzette.md\/index.php\/wp-json\/wp\/v2\/product_cat?post=2801"},{"taxonomy":"product_tag","embeddable":true,"href":"https:\/\/rauzette.md\/index.php\/wp-json\/wp\/v2\/product_tag?post=2801"}],"curies":[{"name":"wp","href":"https:\/\/api.w.org\/{rel}","templated":true}]}}