{"id":2797,"date":"2024-12-01T20:44:21","date_gmt":"2024-12-01T20:44:21","guid":{"rendered":"https:\/\/rauzette.md\/?post_type=product&#038;p=2797"},"modified":"2025-02-21T17:38:49","modified_gmt":"2025-02-21T17:38:49","slug":"hartie-igienica-standard","status":"publish","type":"product","link":"https:\/\/rauzette.md\/index.php\/product\/hartie-igienica-standard\/","title":{"rendered":"H\u00e2rtie igienic\u0103 celuloza"},"content":{"rendered":"<p><strong>H\u00e2rtie igienic\u0103 celuloza &#8211; solu\u021bia esen\u021bial\u0103 pentru igiena zilnic\u0103<\/strong><br \/>\nOpteaz\u0103 pentru h\u00e2rtie igienic\u0103 standard, moale \u0219i rezistent\u0103, potrivit\u0103 pentru uz casnic sau profesional. Disponibil\u0103 \u00een role convenabile, asigur\u0103 confort \u0219i eficien\u021b\u0103 la un pre\u021b accesibil.<\/p>\n","protected":false},"excerpt":{"rendered":"<p>H\u00e2rtie igienic\u0103 celuloza &#8211; solu\u021bia esen\u021bial\u0103 pentru igiena zilnic\u0103 Opteaz\u0103 pentru h\u00e2rtie igienic\u0103 standard, moale \u0219i rezistent\u0103, potrivit\u0103&#8230;<\/p>\n","protected":false},"featured_media":3000,"comment_status":"open","ping_status":"closed","template":"","meta":[],"product_cat":[48,15],"product_tag":[55,59,56,58,57],"class_list":{"0":"post-2797","1":"product","2":"type-product","3":"status-publish","4":"has-post-thumbnail","6":"product_cat-hartie-igienica","7":"product_cat-misc","8":"product_tag-hartie","9":"product_tag-hartie-igienica","10":"product_tag-hartie-wc","11":"product_tag-toalet","12":"product_tag-wc","13":"stm_brands-rauzette1","15":"first","16":"instock","17":"taxable","18":"shipping-taxable","19":"product-type-simple"},"_links":{"self":[{"href":"https:\/\/rauzette.md\/index.php\/wp-json\/wp\/v2\/product\/2797","targetHints":{"allow":["GET"]}}],"collection":[{"href":"https:\/\/rauzette.md\/index.php\/wp-json\/wp\/v2\/product"}],"about":[{"href":"https:\/\/rauzette.md\/index.php\/wp-json\/wp\/v2\/types\/product"}],"replies":[{"embeddable":true,"href":"https:\/\/rauzette.md\/index.php\/wp-json\/wp\/v2\/comments?post=2797"}],"wp:featuredmedia":[{"embeddable":true,"href":"https:\/\/rauzette.md\/index.php\/wp-json\/wp\/v2\/media\/3000"}],"wp:attachment":[{"href":"https:\/\/rauzette.md\/index.php\/wp-json\/wp\/v2\/media?parent=2797"}],"wp:term":[{"taxonomy":"product_cat","embeddable":true,"href":"https:\/\/rauzette.md\/index.php\/wp-json\/wp\/v2\/product_cat?post=2797"},{"taxonomy":"product_tag","embeddable":true,"href":"https:\/\/rauzette.md\/index.php\/wp-json\/wp\/v2\/product_tag?post=2797"}],"curies":[{"name":"wp","href":"https:\/\/api.w.org\/{rel}","templated":true}]}}